{"id":1215,"date":"2024-08-28T15:05:19","date_gmt":"2024-08-28T15:05:19","guid":{"rendered":"https:\/\/americodangelo.edu.ar\/?page_id=1215"},"modified":"2024-11-28T19:10:32","modified_gmt":"2024-11-28T19:10:32","slug":"aula-virtual","status":"publish","type":"page","link":"https:\/\/americodangelo.edu.ar\/index.php\/aula-virtual\/","title":{"rendered":"Aula Virtual"},"content":{"rendered":"<figure class=\"wp-block-table is-style-regular\">\r\n<table>\r\n<tbody>\r\n<tr>\r\n<td class=\"has-text-align-center\" data-align=\"center\">1\u00ba 1\u00ba<\/td>\r\n<td class=\"has-text-align-center\" data-align=\"center\">1\u00ba2\u00ba<\/td>\r\n<td class=\"has-text-align-center\" data-align=\"center\">1\u00ba3<\/td>\r\n<td class=\"has-text-align-center\" data-align=\"center\">2\u00ba1\u00ba<\/td>\r\n<td class=\"has-text-align-center\" data-align=\"center\">2\u00ba2\u00ba<\/td>\r\n<td class=\"has-text-align-center\" data-align=\"center\">3\u00ba1\u00ba<\/td>\r\n<\/tr>\r\n<tr>\r\n<td class=\"has-text-align-center\" data-align=\"center\"><a href=\"https:\/\/drive.google.com\/drive\/folders\/13L150u9XVvoz2mhvzELWTu-LPGfmkrNs\" target=\"_blank\" rel=\"noreferrer noopener\">Lengua<\/a><\/td>\r\n<td class=\"has-text-align-center\" data-align=\"center\"><a href=\"https:\/\/drive.google.com\/drive\/folders\/1ZAX9TRDSjaFyE1zk_DeJJ0oVcYee536O?usp=drive_link\" target=\"_blank\" rel=\"noreferrer noopener\">Lengua<\/a><\/td>\r\n<td class=\"has-text-align-center\" data-align=\"center\"><a href=\"https:\/\/drive.google.com\/drive\/folders\/1QltMSLabp8J2lp_K7lGU-mc4aOaNu7Un?usp=drive_link\" target=\"_blank\" rel=\"noreferrer noopener\">Lengua<\/a><\/td>\r\n<td class=\"has-text-align-center\" data-align=\"center\"><a href=\"https:\/\/drive.google.com\/drive\/folders\/1477ekPHhVcRyc38s6J51ntng6V7-n7Bp?usp=drive_link\">Lengua<\/a><\/td>\r\n<td class=\"has-text-align-center\" data-align=\"center\"><a href=\"https:\/\/drive.google.com\/drive\/folders\/1j6UWpLwFeAEY1a6nHF3mZnkpXa_2IPpb?usp=drive_link\">Lengua<\/a><\/td>\r\n<td class=\"has-text-align-center\" data-align=\"center\"><a href=\"https:\/\/drive.google.com\/drive\/folders\/1t8S-P673-x0QtYPFZ4hUEzgbB3CFvNb1?usp=drive_link\">Lengua<\/a><\/td>\r\n<\/tr>\r\n<tr>\r\n<td class=\"has-text-align-center\" data-align=\"center\"><a href=\"https:\/\/drive.google.com\/drive\/folders\/1skm5bx2gyGacICNvBTk59GzPFQA44d17\" target=\"_blank\" rel=\"noreferrer noopener\">Matem\u00e1tica<\/a><\/td>\r\n<td class=\"has-text-align-center\" data-align=\"center\"><a href=\"https:\/\/drive.google.com\/drive\/folders\/1XGM5nAskpY6Aggi1AAzvPMidPHTMtP3X?usp=drive_link\" target=\"_blank\" rel=\"noreferrer noopener\">Matem\u00e1tica<\/a><\/td>\r\n<td class=\"has-text-align-center\" data-align=\"center\"><a href=\"https:\/\/drive.google.com\/drive\/folders\/1XGM5nAskpY6Aggi1AAzvPMidPHTMtP3X?usp=drive_link\" target=\"_blank\" rel=\"noreferrer noopener\">Matem\u00e1tica<\/a><\/td>\r\n<td class=\"has-text-align-center\" data-align=\"center\"><a href=\"https:\/\/drive.google.com\/drive\/folders\/13D7kpfckEMKds_-5X2CYOZn2CjSboZJa?usp=drive_link\">Matem\u00e1tica<\/a><\/td>\r\n<td class=\"has-text-align-center\" data-align=\"center\"><a href=\"https:\/\/drive.google.com\/drive\/folders\/1QhycmcxXk1w-J1yWpIfb3qQAdQCxX3Rh?usp=drive_link\">Matem\u00e1tica<\/a><\/td>\r\n<td class=\"has-text-align-center\" data-align=\"center\"><a href=\"https:\/\/drive.google.com\/drive\/folders\/1DiNg60Jj77sH0Ae0Qj0YZFD189Uf_Tz2?usp=drive_link\">Matem\u00e1tica<\/a><\/td>\r\n<\/tr>\r\n<tr>\r\n<td class=\"has-text-align-center\" data-align=\"center\"><a href=\"https:\/\/drive.google.com\/drive\/folders\/1dI66u_BG6ItIzuFjlFojrtLjqUPOxAhC\" target=\"_blank\" rel=\"noreferrer noopener\">Ingl\u00e9s<\/a><\/td>\r\n<td class=\"has-text-align-center\" data-align=\"center\"><a href=\"https:\/\/drive.google.com\/drive\/folders\/1oKGfiq9F_CNJ_erVwVA1BKMDbA-cl2PI?usp=drive_link\">Ingl\u00e9s<\/a><\/td>\r\n<td class=\"has-text-align-center\" data-align=\"center\"><a href=\"https:\/\/drive.google.com\/drive\/folders\/17F4h5ePVhawZ_T0lE6HMOUCnUerpFClw?usp=drive_link\" target=\"_blank\" rel=\"noreferrer noopener\">Ingl\u00e9s<\/a><\/td>\r\n<td class=\"has-text-align-center\" data-align=\"center\"><a href=\"https:\/\/drive.google.com\/drive\/folders\/1M6zoq34QyQyB1sOjPatuoc-iulyLigDR?usp=drive_link\">Ingl\u00e9s<\/a><\/td>\r\n<td class=\"has-text-align-center\" data-align=\"center\"><a href=\"https:\/\/drive.google.com\/drive\/folders\/1QhycmcxXk1w-J1yWpIfb3qQAdQCxX3Rh?usp=drive_link\">Ingl\u00e9s<\/a><\/td>\r\n<td class=\"has-text-align-center\" data-align=\"center\"><a href=\"https:\/\/drive.google.com\/drive\/folders\/1S-bQqsQcJpVtTLXlarfGSYsgpUuL4tso?usp=drive_link\">Ingl\u00e9s<\/a><\/td>\r\n<\/tr>\r\n<tr>\r\n<td class=\"has-text-align-center\" data-align=\"center\"><a href=\"https:\/\/drive.google.com\/drive\/folders\/1OKMnIEDv6-rWdpDdSpWeasGGms-8iQDl?usp=drive_link\" target=\"_blank\" rel=\"noreferrer noopener\">Geograf\u00eda<\/a><\/td>\r\n<td class=\"has-text-align-center\" data-align=\"center\"><a href=\"https:\/\/drive.google.com\/drive\/folders\/1_NCfHzIdxh_ZXTI_0W_z1PJLSeoi2DGI?usp=drive_link\" target=\"_blank\" rel=\"noreferrer noopener\">Geograf\u00eda<\/a><\/td>\r\n<td class=\"has-text-align-center\" data-align=\"center\"><a href=\"https:\/\/drive.google.com\/drive\/folders\/16AcTJ4phX8TWOuN7wI8wNrcGdu9lv3SX?usp=drive_link\" target=\"_blank\" rel=\"noreferrer noopener\">Geograf\u00eda<\/a><\/td>\r\n<td class=\"has-text-align-center\" data-align=\"center\"><a href=\"https:\/\/drive.google.com\/drive\/folders\/1TRKKwgTLzaG1bD6ffy7QYgo90s2F7HjC?usp=drive_link\">Historia y Fec<\/a><\/td>\r\n<td class=\"has-text-align-center\" data-align=\"center\">Historia y Fec<\/td>\r\n<td class=\"has-text-align-center\" data-align=\"center\"><a href=\"https:\/\/drive.google.com\/drive\/folders\/1brkm5ck89PiLjdA5l3RMgbGA5UMymPsY?usp=drive_link\">Historia I<\/a><\/td>\r\n<\/tr>\r\n<tr>\r\n<td class=\"has-text-align-center\" data-align=\"center\"><a href=\"https:\/\/drive.google.com\/drive\/folders\/14nxcihRd-J9iehLdWyKrgjm78DYnYUYo\" target=\"_blank\" rel=\"noreferrer noopener\">Historia y Fec<\/a><\/td>\r\n<td class=\"has-text-align-center\" data-align=\"center\"><a href=\"https:\/\/drive.google.com\/drive\/folders\/1oAodn4cr0t8tW8gB9stUR5T1Q57Mkxcr?usp=drive_link\" target=\"_blank\" rel=\"noreferrer noopener\">Historia y Fec<\/a><\/td>\r\n<td class=\"has-text-align-center\" data-align=\"center\"><a href=\"https:\/\/drive.google.com\/drive\/folders\/1Oa32PtfDxfu-UvDYJUxEHRUbNN8OMGgH?usp=drive_link\" target=\"_blank\" rel=\"noreferrer noopener\">Historia y Fec<\/a><\/td>\r\n<td class=\"has-text-align-center\" data-align=\"center\"><a href=\"https:\/\/drive.google.com\/drive\/folders\/1LrNeB0dyM4Oc-lxcSe7MR3k3WpK7GN_Z?usp=drive_link\">Cs. Naturales<\/a><\/td>\r\n<td class=\"has-text-align-center\" data-align=\"center\">Cs. Naturales<\/td>\r\n<td class=\"has-text-align-center\" data-align=\"center\"><a href=\"https:\/\/drive.google.com\/drive\/folders\/1B65o46lJTCBpR4ONuzWPBPiAJYaYrSQb?usp=drive_link\">Geografia I<\/a><\/td>\r\n<\/tr>\r\n<tr>\r\n<td class=\"has-text-align-center\" data-align=\"center\"><a href=\"https:\/\/drive.google.com\/drive\/folders\/1BuaHolKLSgquzXIlmqIdKrWpneAyH3O4\" target=\"_blank\" rel=\"noreferrer noopener\">C.Naturales<\/a><\/td>\r\n<td class=\"has-text-align-center\" data-align=\"center\"><a href=\"https:\/\/drive.google.com\/drive\/folders\/1oAodn4cr0t8tW8gB9stUR5T1Q57Mkxcr?usp=drive_link\">C.Naturales<\/a><\/td>\r\n<td class=\"has-text-align-center\" data-align=\"center\"><a href=\"https:\/\/drive.google.com\/drive\/folders\/1Z6Rw30C7HGp3EVLXQheRKoOZ2UM0oM70?usp=drive_link\" target=\"_blank\" rel=\"noreferrer noopener\">C.Naturales<\/a><\/td>\r\n<td class=\"has-text-align-center\" data-align=\"center\"><a href=\"https:\/\/drive.google.com\/drive\/folders\/1HOgCDOsMJpljfY4Z-nCbBqVpv-gwgsUd?usp=drive_link\">Ed. Tecnol\u00f3gica<\/a><\/td>\r\n<td class=\"has-text-align-center\" data-align=\"center\">Ed. Tecnol\u00f3gica<\/td>\r\n<td class=\"has-text-align-center\" data-align=\"center\"><a href=\"https:\/\/drive.google.com\/drive\/folders\/1mpj0b3J-XQs8HXiIeCDMGyd-X2qn0Ezl?usp=drive_link\">Fisica<\/a><\/td>\r\n<\/tr>\r\n<tr>\r\n<td class=\"has-text-align-center\" data-align=\"center\"><a href=\"https:\/\/drive.google.com\/drive\/folders\/16eibavOBfnRSzAVf7TxnOai8ETTJJuQn?usp=drive_link\" target=\"_blank\" rel=\"noreferrer noopener\">Artes Visuales<\/a><\/td>\r\n<td class=\"has-text-align-center\" data-align=\"center\"><a href=\"https:\/\/drive.google.com\/drive\/folders\/1JnYv6LenLuGxRHw2G9tsRCFgHn4DeIN2?usp=drive_link\">Artes Visuales<\/a><\/td>\r\n<td class=\"has-text-align-center\" data-align=\"center\"><a href=\"https:\/\/drive.google.com\/drive\/folders\/1YFkNiK7jKpXJp0Qbp86ABU3LZnQCyaDD?usp=drive_link\">Artes Visuales<\/a><\/td>\r\n<td class=\"has-text-align-center\" data-align=\"center\"><a href=\"https:\/\/drive.google.com\/drive\/folders\/1EMHWdu3EsPg39V-0kc70izhH_lt1r7N6?usp=drive_link\">Teatro<\/a><\/td>\r\n<td class=\"has-text-align-center\" data-align=\"center\">Teatro<\/td>\r\n<td class=\"has-text-align-center\" data-align=\"center\"><a href=\"https:\/\/drive.google.com\/drive\/folders\/1yBKESRwH2izGvUc9Tz9_6p7CrVChj8Yt?usp=drive_link\">Biolog\u00eda I<\/a><\/td>\r\n<\/tr>\r\n<tr>\r\n<td class=\"has-text-align-center\" data-align=\"center\"><a href=\"https:\/\/drive.google.com\/drive\/folders\/1Q7cDyJM_yoMeH3cu_3yRdCFjOKoRk5zC?usp=drive_link\">M\u00fasica<\/a><\/td>\r\n<td class=\"has-text-align-center\" data-align=\"center\"><a href=\"https:\/\/drive.google.com\/drive\/folders\/1-fTTM3Dp5czWzQLiPPP7y_onr5K0zL5J?usp=drive_link\">M\u00fasica<\/a><\/td>\r\n<td class=\"has-text-align-center\" data-align=\"center\"><a href=\"https:\/\/drive.google.com\/drive\/folders\/1-fTTM3Dp5czWzQLiPPP7y_onr5K0zL5J?usp=drive_link\">M\u00fasica<\/a><\/td>\r\n<td class=\"has-text-align-center\" data-align=\"center\"><a href=\"https:\/\/drive.google.com\/drive\/folders\/1dKS5Q6lhco03P10XGoJgaxQRaANpya2Z?usp=drive_link\">Com. Social<\/a><\/td>\r\n<td class=\"has-text-align-center\" data-align=\"center\">Com. Social<\/td>\r\n<td class=\"has-text-align-center\" data-align=\"center\"><a href=\"https:\/\/drive.google.com\/drive\/folders\/1DrsHh3UGOXmiEWl1lmLEp34EOMbb8DVq?usp=drive_link\">L. Teatral<\/a><\/td>\r\n<\/tr>\r\n<tr>\r\n<td class=\"has-text-align-center\" data-align=\"center\"><a href=\"https:\/\/drive.google.com\/drive\/folders\/167W1IUW7n6NPsDPaKpwSMV0vHfP0ts5e?usp=drive_link\">Lenguaje teatral<\/a><\/td>\r\n<td class=\"has-text-align-center\" data-align=\"center\"><a href=\"https:\/\/drive.google.com\/drive\/folders\/1ue4kY3cSS79g9l2tyfz1FTbWQlL7GUiU?usp=drive_link\">L.Audiovisual<\/a><\/td>\r\n<td class=\"has-text-align-center\" data-align=\"center\"><a href=\"https:\/\/drive.google.com\/drive\/folders\/1oWKouTfxspfLACPvCamU0b0I7tRiZbGM?usp=drive_link\">L.Audiovisual<\/a><\/td>\r\n<td class=\"has-text-align-center\" data-align=\"center\"><a href=\"https:\/\/drive.google.com\/drive\/folders\/1kYth42tkA6LAeSeGri31J8i0pWvvCYnP?usp=sharing\">L. Teatral<\/a><\/td>\r\n<td class=\"has-text-align-center\" data-align=\"center\">L. Audiovisual 2<\/td>\r\n<td class=\"has-text-align-center\" data-align=\"center\"><a href=\"https:\/\/drive.google.com\/drive\/folders\/1FcQVPk8fbWTubf2Lznt0WMKJTIZGh--1?usp=drive_link\">Prod. Teatral<\/a><\/td>\r\n<\/tr>\r\n<tr>\r\n<td class=\"has-text-align-center\" data-align=\"center\"><a href=\"https:\/\/drive.google.com\/drive\/folders\/1mO0QJWJbGk4LJwGIKVIOmthKgMSRrM_8?usp=drive_link\" target=\"_blank\" rel=\"noreferrer noopener\">Prod. Teatral<\/a><\/td>\r\n<td class=\"has-text-align-center\" data-align=\"center\"><a href=\"https:\/\/drive.google.com\/drive\/folders\/1IY11Jhh-goqhBQ7YXPQfxpt2Vxaq-Nlf?usp=drive_link\">R. Audiovisual<\/a><\/td>\r\n<td class=\"has-text-align-center\" data-align=\"center\"><a href=\"https:\/\/drive.google.com\/drive\/folders\/1KR2AYRNZ9WP45tdeDHinH2sPWPFF-itI?usp=drive_link\">R. Audiovisual<\/a><\/td>\r\n<td class=\"has-text-align-center\" data-align=\"center\"><a href=\"https:\/\/drive.google.com\/drive\/folders\/10AmzYdKdRWPgDi-anHl402gm6ESESmhL?usp=drive_link\">Prod. Teatral<\/a><\/td>\r\n<td class=\"has-text-align-center\" data-align=\"center\">R. Audiovisual 2<\/td>\r\n<td class=\"has-text-align-center\" data-align=\"center\"><a href=\"https:\/\/drive.google.com\/drive\/folders\/1Ll-i7sL5cVJLT0nieGzmJrk4A2UD9_TX?usp=drive_link\">Prac. Art\u00edsticas<\/a><\/td>\r\n<\/tr>\r\n<tr>\r\n<td class=\"has-text-align-center\" data-align=\"center\"><a href=\"https:\/\/drive.google.com\/drive\/folders\/1mtxmGAmO1kvzQZ2zHt-vGoCwUQ9ql9Sz?usp=drive_link\" target=\"_blank\" rel=\"noreferrer noopener\">Ed. F\u00edsica<\/a><\/td>\r\n<td class=\"has-text-align-center\" data-align=\"center\"><a href=\"https:\/\/drive.google.com\/drive\/folders\/1e1aFz7c6mmI8t1H9cNrR3BSnZOzevrbL?usp=drive_link\">Ed. F\u00edsica<\/a><\/td>\r\n<td class=\"has-text-align-center\" data-align=\"center\"><a href=\"https:\/\/drive.google.com\/drive\/folders\/1krL3a-BcLy_WP4WX9x8nJuUwVZDInBVG?usp=drive_link\">Ed. F\u00edsica<\/a><\/td>\r\n<td class=\"has-text-align-center\" data-align=\"center\"><a href=\"https:\/\/drive.google.com\/drive\/folders\/1SuB3HZ27jOVTWRjPiepxDBuwQ2Z0uI-Y?usp=drive_link\">Ed. F\u00edsica<\/a><\/td>\r\n<td class=\"has-text-align-center\" data-align=\"center\">Ed. F\u00edsica<\/td>\r\n<td class=\"has-text-align-center\" data-align=\"center\"><a href=\"https:\/\/drive.google.com\/drive\/folders\/1Ll-i7sL5cVJLT0nieGzmJrk4A2UD9_TX?usp=drive_link\">T\u00e9cnicas Corporales<\/a><\/td>\r\n<\/tr>\r\n<tr>\r\n<td class=\"has-text-align-center\" data-align=\"center\">&#8212;&#8212;&#8212;<\/td>\r\n<td class=\"has-text-align-center\" data-align=\"center\">&#8212;&#8212;&#8212;<\/td>\r\n<td class=\"has-text-align-center\" data-align=\"center\">&#8212;&#8212;&#8212;<\/td>\r\n<td class=\"has-text-align-center\" data-align=\"center\">&#8212;&#8212;&#8212;<\/td>\r\n<td class=\"has-text-align-center\" data-align=\"center\">&#8212;&#8212;&#8212;<\/td>\r\n<td class=\"has-text-align-center\" data-align=\"center\"><a href=\"https:\/\/drive.google.com\/drive\/folders\/1pwD2Q0KN57Zm42S7YqttsTyyzhlEcIC5?usp=drive_link\">Dramaturgia y Gui\u00f3n<\/a><\/td>\r\n<\/tr>\r\n<tr>\r\n<td class=\"has-text-align-center\" data-align=\"center\">&#8212;&#8212;&#8212;<\/td>\r\n<td class=\"has-text-align-center\" data-align=\"center\">&#8212;&#8212;&#8212;<\/td>\r\n<td class=\"has-text-align-center\" data-align=\"center\">&#8212;&#8212;&#8212;<\/td>\r\n<td class=\"has-text-align-center\" data-align=\"center\">&#8212;&#8212;&#8212;<\/td>\r\n<td class=\"has-text-align-center\" data-align=\"center\">&#8212;&#8212;&#8212;<\/td>\r\n<td class=\"has-text-align-center\" data-align=\"center\"><a href=\"https:\/\/drive.google.com\/drive\/folders\/1hqogSoAyUhsIo8SPLNSMjinCQPmmkF-k?usp=drive_link\">Ed. F\u00edsica<\/a><\/td>\r\n<\/tr>\r\n<\/tbody>\r\n<\/table>\r\n<\/figure>\r\n<!-- \/wp:table -->\r\n\r\n<!-- wp:table -->\r\n<figure class=\"wp-block-table\">\r\n<table>\r\n<tbody>\r\n<tr>\r\n<td class=\"has-text-align-center\" data-align=\"center\">3\u00ba2<\/td>\r\n<td class=\"has-text-align-center\" data-align=\"center\">4\u00ba1\u00ba<\/td>\r\n<td class=\"has-text-align-center\" data-align=\"center\">4\u00ba2\u00ba<\/td>\r\n<td class=\"has-text-align-center\" data-align=\"center\">5\u00ba1\u00ba<\/td>\r\n<td class=\"has-text-align-center\" data-align=\"center\">5\u00ba2\u00ba<\/td>\r\n<\/tr>\r\n<tr>\r\n<td class=\"has-text-align-center\" data-align=\"center\">Lengua<\/td>\r\n<td class=\"has-text-align-center\" data-align=\"center\">Lengua<\/td>\r\n<td class=\"has-text-align-center\" data-align=\"center\">Lengua<\/td>\r\n<td class=\"has-text-align-center\" data-align=\"center\">Lengua<\/td>\r\n<td class=\"has-text-align-center\" data-align=\"center\">Lengua<\/td>\r\n<\/tr>\r\n<tr>\r\n<td class=\"has-text-align-center\" data-align=\"center\">Matem\u00e1tica<\/td>\r\n<td class=\"has-text-align-center\" data-align=\"center\">Matem\u00e1tica<\/td>\r\n<td class=\"has-text-align-center\" data-align=\"center\"><a href=\"https:\/\/drive.google.com\/drive\/folders\/1nASStIvsoHnnmLYNxQsWh9zoALKFnVym?usp=drive_link\">Matem\u00e1tica<\/a><\/td>\r\n<td class=\"has-text-align-center\" data-align=\"center\"><a href=\"https:\/\/drive.google.com\/drive\/folders\/1OpbD-U5m0KSQVSUOHY4dZB42ApbY-A_I?usp=drive_link\">Matem\u00e1tica<\/a><\/td>\r\n<td class=\"has-text-align-center\" data-align=\"center\"><a href=\"https:\/\/drive.google.com\/drive\/folders\/1Qi81gCTFq_qAVvs9ZQmZZlMeC4t0HxbO?usp=drive_link\">Matem\u00e1tica<\/a><\/td>\r\n<\/tr>\r\n<tr>\r\n<td class=\"has-text-align-center\" data-align=\"center\">Ingl\u00e9s<\/td>\r\n<td class=\"has-text-align-center\" data-align=\"center\">Ingl\u00e9s<\/td>\r\n<td class=\"has-text-align-center\" data-align=\"center\">Ingl\u00e9s<\/td>\r\n<td class=\"has-text-align-center\" data-align=\"center\">Ingl\u00e9s<\/td>\r\n<td class=\"has-text-align-center\" data-align=\"center\">Ingl\u00e9s<\/td>\r\n<\/tr>\r\n<tr>\r\n<td class=\"has-text-align-center\" data-align=\"center\">Historia I<\/td>\r\n<td class=\"has-text-align-center\" data-align=\"center\">Qu\u00edmica<\/td>\r\n<td class=\"has-text-align-center\" data-align=\"center\">Qu\u00edmica<\/td>\r\n<td class=\"has-text-align-center\" data-align=\"center\">Econom\u00eda Social<\/td>\r\n<td class=\"has-text-align-center\" data-align=\"center\">Econom\u00eda Social<\/td>\r\n<\/tr>\r\n<tr>\r\n<td class=\"has-text-align-center\" data-align=\"center\">Geograf\u00eda I<\/td>\r\n<td class=\"has-text-align-center\" data-align=\"center\">T.I.C.<\/td>\r\n<td class=\"has-text-align-center\" data-align=\"center\">T.I.C.<\/td>\r\n<td class=\"has-text-align-center\" data-align=\"center\">Formaci\u00f3n \u00e9tica y ciudadana<\/td>\r\n<td class=\"has-text-align-center\" data-align=\"center\">Formaci\u00f3n \u00e9tica y ciudadana<\/td>\r\n<\/tr>\r\n<tr>\r\n<td class=\"has-text-align-center\" data-align=\"center\">F\u00edsica<\/td>\r\n<td class=\"has-text-align-center\" data-align=\"center\">PAI :Pl\u00e1stica M\u00fasica<\/td>\r\n<td class=\"has-text-align-center\" data-align=\"center\">M\u00fasica<\/td>\r\n<td class=\"has-text-align-center\" data-align=\"center\">Form. vida y trabajo<\/td>\r\n<td class=\"has-text-align-center\" data-align=\"center\">Form. vida y trabajo<\/td>\r\n<\/tr>\r\n<tr>\r\n<td class=\"has-text-align-center\" data-align=\"center\">Biolog\u00eda<\/td>\r\n<td class=\"has-text-align-center\" data-align=\"center\">Comunicaci\u00f3n<\/td>\r\n<td class=\"has-text-align-center\" data-align=\"center\">Comunicaci\u00f3n<\/td>\r\n<td class=\"has-text-align-center\" data-align=\"center\">Arte y cultura lat.<\/td>\r\n<td class=\"has-text-align-center\" data-align=\"center\">Arte y cultura lat.<\/td>\r\n<\/tr>\r\n<tr>\r\n<td class=\"has-text-align-center\" data-align=\"center\">Lenguaje Aud.Comp.<\/td>\r\n<td class=\"has-text-align-center\" data-align=\"center\">Escen. y Caracter.<\/td>\r\n<td class=\"has-text-align-center\" data-align=\"center\">Artes Audiov. y Contexto<\/td>\r\n<td class=\"has-text-align-center\" data-align=\"center\">Leng. Art. compl.<\/td>\r\n<td class=\"has-text-align-center\" data-align=\"center\">Leng.Art.Compl<\/td>\r\n<\/tr>\r\n<tr>\r\n<td class=\"has-text-align-center\" data-align=\"center\">Form. Art.Audiovisuales<\/td>\r\n<td class=\"has-text-align-center\" data-align=\"center\">Teatro y Contexto<\/td>\r\n<td class=\"has-text-align-center\" data-align=\"center\">Montaje y Edici\u00f3n<\/td>\r\n<td class=\"has-text-align-center\" data-align=\"center\">Proy.de Producci\u00f3n teatral<\/td>\r\n<td class=\"has-text-align-center\" data-align=\"center\">Taller de Dir. Art.y FX<\/td>\r\n<\/tr>\r\n<tr>\r\n<td class=\"has-text-align-center\" data-align=\"center\">Pr\u00e1cticas Art\u00edsticas<\/td>\r\n<td class=\"has-text-align-center\" data-align=\"center\">Teatro y Prod. Multimedial<\/td>\r\n<td class=\"has-text-align-center\" data-align=\"center\">Narrativa Audiovisual<\/td>\r\n<td class=\"has-text-align-center\" data-align=\"center\">Producci\u00f3n cortometrajes<\/td>\r\n<td class=\"has-text-align-center\" data-align=\"center\">Taller de Act. Aud.<\/td>\r\n<\/tr>\r\n<tr>\r\n<td class=\"has-text-align-center\" data-align=\"center\">Taller Fotograf\u00eda e Ilum.<\/td>\r\n<td class=\"has-text-align-center\" data-align=\"center\">Pract. Prof. en Teatro<\/td>\r\n<td class=\"has-text-align-center\" data-align=\"center\">Pract.Prof. en Artes Visuales<\/td>\r\n<td class=\"has-text-align-center\" data-align=\"center\">Act. Teatro y Medios<\/td>\r\n<td class=\"has-text-align-center\" data-align=\"center\">Taller de Exp. Aud.<\/td>\r\n<\/tr>\r\n<tr>\r\n<td class=\"has-text-align-center\" data-align=\"center\">Taller de animaci\u00f3n Aud.<\/td>\r\n<td class=\"has-text-align-center\" data-align=\"center\">Exp. Vocal y Canto<\/td>\r\n<td class=\"has-text-align-center\" data-align=\"center\">Musicalizaci\u00f3n y Sonorizaci\u00f3n<\/td>\r\n<td class=\"has-text-align-center\" data-align=\"center\">Pract. Prof. Teatro<\/td>\r\n<td class=\"has-text-align-center\" data-align=\"center\">Prac. Profesionales<\/td>\r\n<\/tr>\r\n<tr>\r\n<td class=\"has-text-align-center\" data-align=\"center\">Educaci\u00f3n F\u00edsica<\/td>\r\n<td class=\"has-text-align-center\" data-align=\"center\">Educaci\u00f3n F\u00edsica<\/td>\r\n<td class=\"has-text-align-center\" data-align=\"center\">Educaci\u00f3n F\u00edsica<\/td>\r\n<td class=\"has-text-align-center\" data-align=\"center\">Educaci\u00f3n F\u00edsica<\/td>\r\n<td class=\"has-text-align-center\" data-align=\"center\">Educaci\u00f3n F\u00edsica<\/td>\r\n<\/tr>\r\n<\/tbody>\r\n<\/table>\r\n<\/figure>","protected":false},"excerpt":{"rendered":"<p>1\u00ba 1\u00ba 1\u00ba2\u00ba 1\u00ba3 2\u00ba1\u00ba 2\u00ba2\u00ba 3\u00ba1\u00ba Lengua Lengua Lengua Lengua Lengua Lengua Matem\u00e1tica Matem\u00e1tica Matem\u00e1tica Matem\u00e1tica Matem\u00e1tica Matem\u00e1tica Ingl\u00e9s Ingl\u00e9s Ingl\u00e9s Ingl\u00e9s Ingl\u00e9s Ingl\u00e9s Geograf\u00eda Geograf\u00eda Geograf\u00eda Historia y Fec Historia y Fec Historia I Historia y Fec Historia <a href=\"https:\/\/americodangelo.edu.ar\/index.php\/aula-virtual\/\" class=\"read-more\">Leer m\u00e1s&#8230;<\/a><\/p>\n","protected":false},"author":1,"featured_media":0,"parent":0,"menu_order":0,"comment_status":"closed","ping_status":"closed","template":"","meta":{"footnotes":""},"class_list":["post-1215","page","type-page","status-publish","hentry"],"_links":{"self":[{"href":"https:\/\/americodangelo.edu.ar\/index.php\/wp-json\/wp\/v2\/pages\/1215"}],"collection":[{"href":"https:\/\/americodangelo.edu.ar\/index.php\/wp-json\/wp\/v2\/pages"}],"about":[{"href":"https:\/\/americodangelo.edu.ar\/index.php\/wp-json\/wp\/v2\/types\/page"}],"author":[{"embeddable":true,"href":"https:\/\/americodangelo.edu.ar\/index.php\/wp-json\/wp\/v2\/users\/1"}],"replies":[{"embeddable":true,"href":"https:\/\/americodangelo.edu.ar\/index.php\/wp-json\/wp\/v2\/comments?post=1215"}],"version-history":[{"count":38,"href":"https:\/\/americodangelo.edu.ar\/index.php\/wp-json\/wp\/v2\/pages\/1215\/revisions"}],"predecessor-version":[{"id":1319,"href":"https:\/\/americodangelo.edu.ar\/index.php\/wp-json\/wp\/v2\/pages\/1215\/revisions\/1319"}],"wp:attachment":[{"href":"https:\/\/americodangelo.edu.ar\/index.php\/wp-json\/wp\/v2\/media?parent=1215"}],"curies":[{"name":"wp","href":"https:\/\/api.w.org\/{rel}","templated":true}]}}