{"id":280,"date":"2022-04-01T18:42:42","date_gmt":"2022-04-01T18:42:42","guid":{"rendered":"https:\/\/americodangelo.edu.ar\/?page_id=280"},"modified":"2022-04-18T14:59:15","modified_gmt":"2022-04-18T14:59:15","slug":"personal-docente","status":"publish","type":"page","link":"https:\/\/americodangelo.edu.ar\/index.php\/personal-docente\/","title":{"rendered":""},"content":{"rendered":"\n<p class=\"has-text-align-center has-blue-color has-text-color has-large-font-size\"><strong>Equipo Directivo<\/strong><\/p>\n\n\n\n<div class=\"wp-block-media-text alignwide has-media-on-the-right is-stacked-on-mobile has-white-color has-blue-background-color has-text-color has-background\" style=\"grid-template-columns:auto 26%\"><figure class=\"wp-block-media-text__media\"><img loading=\"lazy\" decoding=\"async\" width=\"515\" height=\"553\" src=\"https:\/\/americodangelo.edu.ar\/wp-content\/uploads\/2022\/04\/WhatsApp-Image-2022-04-11-at-11.41.14-AM.jpeg\" alt=\"\" class=\"wp-image-505 size-full\" srcset=\"https:\/\/americodangelo.edu.ar\/wp-content\/uploads\/2022\/04\/WhatsApp-Image-2022-04-11-at-11.41.14-AM.jpeg 515w, https:\/\/americodangelo.edu.ar\/wp-content\/uploads\/2022\/04\/WhatsApp-Image-2022-04-11-at-11.41.14-AM-279x300.jpeg 279w, https:\/\/americodangelo.edu.ar\/wp-content\/uploads\/2022\/04\/WhatsApp-Image-2022-04-11-at-11.41.14-AM-251x270.jpeg 251w\" sizes=\"(max-width: 515px) 100vw, 515px\" \/><\/figure><div class=\"wp-block-media-text__content\">\n<p class=\"has-white-color has-text-color has-large-font-size\">Directora<\/p>\n\n\n\n<p class=\"has-white-color has-text-color has-normal-font-size\">Lourdes Sanchez<\/p>\n<\/div><\/div>\n\n\n\n<hr class=\"wp-block-separator has-text-color has-background has-blue-background-color has-blue-color is-style-wide\"\/>\n\n\n\n<div class=\"wp-block-media-text alignwide is-stacked-on-mobile has-blue-background-color has-background\" style=\"grid-template-columns:25% auto\"><figure class=\"wp-block-media-text__media\"><img loading=\"lazy\" decoding=\"async\" width=\"1024\" height=\"1016\" src=\"https:\/\/americodangelo.edu.ar\/wp-content\/uploads\/2022\/04\/Eliana-1024x1016.jpeg\" alt=\"\" class=\"wp-image-467 size-full\" srcset=\"https:\/\/americodangelo.edu.ar\/wp-content\/uploads\/2022\/04\/Eliana-1024x1016.jpeg 1024w, https:\/\/americodangelo.edu.ar\/wp-content\/uploads\/2022\/04\/Eliana-300x298.jpeg 300w, https:\/\/americodangelo.edu.ar\/wp-content\/uploads\/2022\/04\/Eliana-150x150.jpeg 150w, https:\/\/americodangelo.edu.ar\/wp-content\/uploads\/2022\/04\/Eliana-768x762.jpeg 768w, https:\/\/americodangelo.edu.ar\/wp-content\/uploads\/2022\/04\/Eliana-272x270.jpeg 272w, https:\/\/americodangelo.edu.ar\/wp-content\/uploads\/2022\/04\/Eliana.jpeg 1080w\" sizes=\"(max-width: 1024px) 100vw, 1024px\" \/><\/figure><div class=\"wp-block-media-text__content\">\n<p class=\"has-white-color has-text-color has-large-font-size\">Regente<\/p>\n\n\n\n<p class=\"has-white-color has-text-color\">Eliana Pesalaccia<\/p>\n<\/div><\/div>\n\n\n\n<hr class=\"wp-block-separator has-text-color has-background has-blue-background-color has-blue-color is-style-wide\"\/>\n\n\n\n<div class=\"wp-block-media-text alignwide is-stacked-on-mobile has-blue-background-color has-background\" style=\"grid-template-columns:23% auto\"><figure class=\"wp-block-media-text__media\"><img loading=\"lazy\" decoding=\"async\" width=\"595\" height=\"628\" src=\"https:\/\/americodangelo.edu.ar\/wp-content\/uploads\/2022\/04\/WhatsApp-Image-2022-04-11-at-11.51.30-AM.jpeg\" alt=\"\" class=\"wp-image-512 size-full\" srcset=\"https:\/\/americodangelo.edu.ar\/wp-content\/uploads\/2022\/04\/WhatsApp-Image-2022-04-11-at-11.51.30-AM.jpeg 595w, https:\/\/americodangelo.edu.ar\/wp-content\/uploads\/2022\/04\/WhatsApp-Image-2022-04-11-at-11.51.30-AM-284x300.jpeg 284w, https:\/\/americodangelo.edu.ar\/wp-content\/uploads\/2022\/04\/WhatsApp-Image-2022-04-11-at-11.51.30-AM-256x270.jpeg 256w\" sizes=\"(max-width: 595px) 100vw, 595px\" \/><\/figure><div class=\"wp-block-media-text__content\">\n<p class=\"has-white-color has-text-color has-large-font-size\">Secretaria <\/p>\n\n\n\n<p class=\"has-white-color has-text-color\">Valeria Antonucci<\/p>\n<\/div><\/div>\n\n\n\n<hr class=\"wp-block-separator has-text-color has-background has-blue-background-color has-blue-color is-style-wide\"\/>\n\n\n\n<p class=\"has-text-align-center has-blue-color has-text-color has-large-font-size\">Referentes de Inform\u00e1tica<\/p>\n\n\n\n<div class=\"wp-block-columns has-blue-background-color has-background is-layout-flex wp-container-core-columns-is-layout-1 wp-block-columns-is-layout-flex\">\n<div class=\"wp-block-column is-layout-flow wp-block-column-is-layout-flow\">\n<div class=\"wp-block-media-text alignwide is-stacked-on-mobile\"><figure class=\"wp-block-media-text__media\"><img loading=\"lazy\" decoding=\"async\" width=\"692\" height=\"734\" src=\"https:\/\/americodangelo.edu.ar\/wp-content\/uploads\/2022\/04\/Leo.jpeg\" alt=\"\" class=\"wp-image-481 size-full\" srcset=\"https:\/\/americodangelo.edu.ar\/wp-content\/uploads\/2022\/04\/Leo.jpeg 692w, https:\/\/americodangelo.edu.ar\/wp-content\/uploads\/2022\/04\/Leo-283x300.jpeg 283w, https:\/\/americodangelo.edu.ar\/wp-content\/uploads\/2022\/04\/Leo-255x270.jpeg 255w\" sizes=\"(max-width: 692px) 100vw, 692px\" \/><\/figure><div class=\"wp-block-media-text__content\">\n<p class=\"has-white-color has-text-color has-large-font-size\">Leonardo Queirolo<\/p>\n<\/div><\/div>\n<\/div>\n\n\n\n<div class=\"wp-block-column is-layout-flow wp-block-column-is-layout-flow\">\n<div class=\"wp-block-media-text alignwide is-stacked-on-mobile\" style=\"grid-template-columns:48% auto\"><figure class=\"wp-block-media-text__media\"><img loading=\"lazy\" decoding=\"async\" width=\"694\" height=\"772\" src=\"https:\/\/americodangelo.edu.ar\/wp-content\/uploads\/2022\/04\/sebastian.jpeg\" alt=\"\" class=\"wp-image-482 size-full\" srcset=\"https:\/\/americodangelo.edu.ar\/wp-content\/uploads\/2022\/04\/sebastian.jpeg 694w, https:\/\/americodangelo.edu.ar\/wp-content\/uploads\/2022\/04\/sebastian-270x300.jpeg 270w, https:\/\/americodangelo.edu.ar\/wp-content\/uploads\/2022\/04\/sebastian-243x270.jpeg 243w\" sizes=\"(max-width: 694px) 100vw, 694px\" \/><\/figure><div class=\"wp-block-media-text__content\">\n<p class=\"has-white-color has-text-color has-large-font-size\">Sebasti\u00e1n Caballero<\/p>\n<\/div><\/div>\n<\/div>\n<\/div>\n\n\n\n<p class=\"has-text-align-center has-blue-color has-text-color has-large-font-size\"><strong>Biblioteca<\/strong><\/p>\n\n\n\n<div class=\"wp-block-media-text alignwide is-stacked-on-mobile is-vertically-aligned-center has-blue-background-color has-background\" style=\"grid-template-columns:23% auto\"><figure class=\"wp-block-media-text__media\"><img loading=\"lazy\" decoding=\"async\" width=\"829\" height=\"1024\" src=\"https:\/\/americodangelo.edu.ar\/wp-content\/uploads\/2022\/04\/adrian-829x1024.jpeg\" alt=\"\" class=\"wp-image-487 size-full\" srcset=\"https:\/\/americodangelo.edu.ar\/wp-content\/uploads\/2022\/04\/adrian-829x1024.jpeg 829w, https:\/\/americodangelo.edu.ar\/wp-content\/uploads\/2022\/04\/adrian-243x300.jpeg 243w, https:\/\/americodangelo.edu.ar\/wp-content\/uploads\/2022\/04\/adrian-768x948.jpeg 768w, https:\/\/americodangelo.edu.ar\/wp-content\/uploads\/2022\/04\/adrian-1244x1536.jpeg 1244w, https:\/\/americodangelo.edu.ar\/wp-content\/uploads\/2022\/04\/adrian-219x270.jpeg 219w, https:\/\/americodangelo.edu.ar\/wp-content\/uploads\/2022\/04\/adrian.jpeg 1296w\" sizes=\"(max-width: 829px) 100vw, 829px\" \/><\/figure><div class=\"wp-block-media-text__content\">\n<p class=\"has-white-color has-text-color has-large-font-size\">Adri\u00e1n Arga\u00f1araz<\/p>\n\n\n\n<p><\/p>\n<\/div><\/div>\n\n\n\n<p class=\"has-text-align-center has-blue-color has-text-color has-large-font-size\"><strong>Preceptoras<\/strong><\/p>\n\n\n\n<div class=\"wp-block-columns has-blue-background-color has-background is-layout-flex wp-container-core-columns-is-layout-2 wp-block-columns-is-layout-flex\">\n<div class=\"wp-block-column is-layout-flow wp-block-column-is-layout-flow\">\n<div class=\"wp-block-media-text alignwide is-stacked-on-mobile\" style=\"grid-template-columns:39% auto\"><figure class=\"wp-block-media-text__media\"><img loading=\"lazy\" decoding=\"async\" width=\"796\" height=\"960\" src=\"https:\/\/americodangelo.edu.ar\/wp-content\/uploads\/2022\/04\/maria.png\" alt=\"\" class=\"wp-image-545 size-full\" srcset=\"https:\/\/americodangelo.edu.ar\/wp-content\/uploads\/2022\/04\/maria.png 796w, https:\/\/americodangelo.edu.ar\/wp-content\/uploads\/2022\/04\/maria-249x300.png 249w, https:\/\/americodangelo.edu.ar\/wp-content\/uploads\/2022\/04\/maria-768x926.png 768w, https:\/\/americodangelo.edu.ar\/wp-content\/uploads\/2022\/04\/maria-224x270.png 224w\" sizes=\"(max-width: 796px) 100vw, 796px\" \/><\/figure><div class=\"wp-block-media-text__content\">\n<p class=\"has-white-color has-text-color has-large-font-size\">Mar\u00eda Orozco<\/p>\n<\/div><\/div>\n<\/div>\n\n\n\n<div class=\"wp-block-column is-layout-flow wp-block-column-is-layout-flow\">\n<div class=\"wp-block-media-text alignwide is-stacked-on-mobile\" style=\"grid-template-columns:61% auto\"><figure class=\"wp-block-media-text__media\"><img loading=\"lazy\" decoding=\"async\" width=\"640\" height=\"480\" src=\"https:\/\/americodangelo.edu.ar\/wp-content\/uploads\/2022\/04\/claudia.jpg\" alt=\"\" class=\"wp-image-537 size-full\" srcset=\"https:\/\/americodangelo.edu.ar\/wp-content\/uploads\/2022\/04\/claudia.jpg 640w, https:\/\/americodangelo.edu.ar\/wp-content\/uploads\/2022\/04\/claudia-300x225.jpg 300w, https:\/\/americodangelo.edu.ar\/wp-content\/uploads\/2022\/04\/claudia-360x270.jpg 360w\" sizes=\"(max-width: 640px) 100vw, 640px\" \/><\/figure><div class=\"wp-block-media-text__content\">\n<p class=\"has-white-color has-text-color has-large-font-size\">Claudia Garc\u00eda<\/p>\n<\/div><\/div>\n<\/div>\n<\/div>\n\n\n\n<div class=\"wp-block-columns has-blue-background-color has-background is-layout-flex wp-container-core-columns-is-layout-3 wp-block-columns-is-layout-flex\">\n<div class=\"wp-block-column is-layout-flow wp-block-column-is-layout-flow\">\n<div class=\"wp-block-media-text alignwide is-stacked-on-mobile\"><figure class=\"wp-block-media-text__media\"><img loading=\"lazy\" decoding=\"async\" width=\"820\" height=\"885\" src=\"https:\/\/americodangelo.edu.ar\/wp-content\/uploads\/2022\/04\/Joana-1.jpeg\" alt=\"\" class=\"wp-image-498 size-full\" srcset=\"https:\/\/americodangelo.edu.ar\/wp-content\/uploads\/2022\/04\/Joana-1.jpeg 820w, https:\/\/americodangelo.edu.ar\/wp-content\/uploads\/2022\/04\/Joana-1-278x300.jpeg 278w, https:\/\/americodangelo.edu.ar\/wp-content\/uploads\/2022\/04\/Joana-1-768x829.jpeg 768w, https:\/\/americodangelo.edu.ar\/wp-content\/uploads\/2022\/04\/Joana-1-250x270.jpeg 250w\" sizes=\"(max-width: 820px) 100vw, 820px\" \/><\/figure><div class=\"wp-block-media-text__content\">\n<p class=\"has-white-color has-text-color has-large-font-size\">Johana Gomez<\/p>\n\n\n\n<p><\/p>\n<\/div><\/div>\n<\/div>\n\n\n\n<div class=\"wp-block-column is-layout-flow wp-block-column-is-layout-flow\">\n<div class=\"wp-block-media-text alignwide is-stacked-on-mobile\" style=\"grid-template-columns:46% auto\"><figure class=\"wp-block-media-text__media\"><img loading=\"lazy\" decoding=\"async\" width=\"681\" height=\"823\" src=\"https:\/\/americodangelo.edu.ar\/wp-content\/uploads\/2022\/04\/marcela-1.jpeg\" alt=\"\" class=\"wp-image-499 size-full\" srcset=\"https:\/\/americodangelo.edu.ar\/wp-content\/uploads\/2022\/04\/marcela-1.jpeg 681w, https:\/\/americodangelo.edu.ar\/wp-content\/uploads\/2022\/04\/marcela-1-248x300.jpeg 248w, https:\/\/americodangelo.edu.ar\/wp-content\/uploads\/2022\/04\/marcela-1-223x270.jpeg 223w\" sizes=\"(max-width: 681px) 100vw, 681px\" \/><\/figure><div class=\"wp-block-media-text__content\">\n<p class=\"has-white-color has-text-color has-large-font-size\">Marcela Cuello<\/p>\n<\/div><\/div>\n<\/div>\n<\/div>\n\n\n\n<div class=\"wp-block-columns has-blue-background-color has-background is-layout-flex wp-container-core-columns-is-layout-4 wp-block-columns-is-layout-flex\">\n<div class=\"wp-block-column is-layout-flow wp-block-column-is-layout-flow\">\n<div class=\"wp-block-media-text alignwide is-stacked-on-mobile\"><figure class=\"wp-block-media-text__media\"><img loading=\"lazy\" decoding=\"async\" width=\"897\" height=\"1024\" src=\"https:\/\/americodangelo.edu.ar\/wp-content\/uploads\/2022\/04\/bety-897x1024.jpeg\" alt=\"\" class=\"wp-image-517 size-full\" srcset=\"https:\/\/americodangelo.edu.ar\/wp-content\/uploads\/2022\/04\/bety-897x1024.jpeg 897w, https:\/\/americodangelo.edu.ar\/wp-content\/uploads\/2022\/04\/bety-263x300.jpeg 263w, https:\/\/americodangelo.edu.ar\/wp-content\/uploads\/2022\/04\/bety-768x877.jpeg 768w, https:\/\/americodangelo.edu.ar\/wp-content\/uploads\/2022\/04\/bety-236x270.jpeg 236w, https:\/\/americodangelo.edu.ar\/wp-content\/uploads\/2022\/04\/bety.jpeg 1077w\" sizes=\"(max-width: 897px) 100vw, 897px\" \/><\/figure><div class=\"wp-block-media-text__content\">\n<p class=\"has-white-color has-text-color has-large-font-size\">Beatriz Tula<\/p>\n\n\n\n<p><\/p>\n<\/div><\/div>\n<\/div>\n\n\n\n<div class=\"wp-block-column is-layout-flow wp-block-column-is-layout-flow\">\n<div class=\"wp-block-media-text alignwide is-stacked-on-mobile\"><figure class=\"wp-block-media-text__media\"><img loading=\"lazy\" decoding=\"async\" width=\"522\" height=\"618\" src=\"https:\/\/americodangelo.edu.ar\/wp-content\/uploads\/2022\/04\/belen.png\" alt=\"\" class=\"wp-image-543 size-full\" srcset=\"https:\/\/americodangelo.edu.ar\/wp-content\/uploads\/2022\/04\/belen.png 522w, https:\/\/americodangelo.edu.ar\/wp-content\/uploads\/2022\/04\/belen-253x300.png 253w, https:\/\/americodangelo.edu.ar\/wp-content\/uploads\/2022\/04\/belen-228x270.png 228w\" sizes=\"(max-width: 522px) 100vw, 522px\" \/><\/figure><div class=\"wp-block-media-text__content\">\n<p class=\"has-white-color has-text-color has-large-font-size\">Bel\u00e9n \u00c1vila<\/p>\n<\/div><\/div>\n<\/div>\n<\/div>\n\n\n\n<div class=\"wp-block-columns is-layout-flex wp-container-core-columns-is-layout-5 wp-block-columns-is-layout-flex\">\n<div class=\"wp-block-column is-layout-flow wp-block-column-is-layout-flow\"><\/div>\n<\/div>\n","protected":false},"excerpt":{"rendered":"<p>Equipo Directivo Directora Lourdes Sanchez Regente Eliana Pesalaccia Secretaria Valeria Antonucci Referentes de Inform\u00e1tica Leonardo Queirolo Sebasti\u00e1n Caballero Biblioteca Adri\u00e1n Arga\u00f1araz Preceptoras Mar\u00eda Orozco Claudia Garc\u00eda Johana Gomez Marcela Cuello Beatriz Tula Bel\u00e9n \u00c1vila<\/p>\n","protected":false},"author":3,"featured_media":0,"parent":0,"menu_order":0,"comment_status":"closed","ping_status":"closed","template":"","meta":{"footnotes":""},"class_list":["post-280","page","type-page","status-publish","hentry"],"_links":{"self":[{"href":"https:\/\/americodangelo.edu.ar\/index.php\/wp-json\/wp\/v2\/pages\/280"}],"collection":[{"href":"https:\/\/americodangelo.edu.ar\/index.php\/wp-json\/wp\/v2\/pages"}],"about":[{"href":"https:\/\/americodangelo.edu.ar\/index.php\/wp-json\/wp\/v2\/types\/page"}],"author":[{"embeddable":true,"href":"https:\/\/americodangelo.edu.ar\/index.php\/wp-json\/wp\/v2\/users\/3"}],"replies":[{"embeddable":true,"href":"https:\/\/americodangelo.edu.ar\/index.php\/wp-json\/wp\/v2\/comments?post=280"}],"version-history":[{"count":15,"href":"https:\/\/americodangelo.edu.ar\/index.php\/wp-json\/wp\/v2\/pages\/280\/revisions"}],"predecessor-version":[{"id":565,"href":"https:\/\/americodangelo.edu.ar\/index.php\/wp-json\/wp\/v2\/pages\/280\/revisions\/565"}],"wp:attachment":[{"href":"https:\/\/americodangelo.edu.ar\/index.php\/wp-json\/wp\/v2\/media?parent=280"}],"curies":[{"name":"wp","href":"https:\/\/api.w.org\/{rel}","templated":true}]}}