{"id":833,"date":"2022-06-02T19:52:59","date_gmt":"2022-06-02T19:52:59","guid":{"rendered":"https:\/\/americodangelo.edu.ar\/?page_id=833"},"modified":"2022-06-08T19:41:25","modified_gmt":"2022-06-08T19:41:25","slug":"nuestro-nombre","status":"publish","type":"page","link":"https:\/\/americodangelo.edu.ar\/index.php\/nuestro-nombre\/","title":{"rendered":"Nuestro Nombre"},"content":{"rendered":"\n<div class=\"wp-block-columns alignwide are-vertically-aligned-top is-layout-flex wp-container-core-columns-is-layout-1 wp-block-columns-is-layout-flex\">\n<div class=\"wp-block-column is-vertically-aligned-top is-layout-flow wp-block-column-is-layout-flow\" style=\"flex-basis:49%\">\n<div class=\"wp-block-cover aligncenter has-custom-content-position is-position-bottom-center wp-duotone-000-ffffff-1\" style=\"min-height:1599px;aspect-ratio:unset;\"><span aria-hidden=\"true\" class=\"wp-block-cover__background has-background-dim\"><\/span><img loading=\"lazy\" decoding=\"async\" width=\"523\" height=\"692\" class=\"wp-block-cover__image-background wp-image-849\" alt=\"\" src=\"https:\/\/americodangelo.edu.ar\/wp-content\/uploads\/2022\/06\/americo.jpg\" data-object-fit=\"cover\" srcset=\"https:\/\/americodangelo.edu.ar\/wp-content\/uploads\/2022\/06\/americo.jpg 523w, https:\/\/americodangelo.edu.ar\/wp-content\/uploads\/2022\/06\/americo-227x300.jpg 227w, https:\/\/americodangelo.edu.ar\/wp-content\/uploads\/2022\/06\/americo-204x270.jpg 204w\" sizes=\"(max-width: 523px) 100vw, 523px\" \/><div class=\"wp-block-cover__inner-container is-layout-flow wp-block-cover-is-layout-flow\">\n<p class=\"has-text-align-center has-black-color has-text-color has-small-font-size\"><\/p>\n<\/div><\/div>\n<\/div>\n\n\n\n<div class=\"wp-block-column is-vertically-aligned-top is-layout-flow wp-block-column-is-layout-flow\" style=\"flex-basis:51%\">\n<p class=\"has-navy-blue-color has-dark-yellow-background-color has-text-color has-background has-small-font-size\"><em><strong>RESE\u00d1A HIST\u00d3RICA<\/strong><br><strong>La Escuela N\u00b0 4-146 fue creada en el a\u00f1o 1997. Funcionaba en una casa ubicada en el distrito San Jos\u00e9, pr\u00f3xima a la terminal de \u00f3mnibus, y seg\u00fan<\/strong> <strong>registros, respondiendo a la demanda de estudiantes repetidores o con sobre edad, que no pod\u00edan ser ubicados en las escuelas existentes.<br>En 1998, se lleva a cabo el proyecto para la imposici\u00f3n del nombre de la escuela. El objetivo era afianzar la identidad institucional y el sentido de pertenencia de los alumnos. A partir de ese momento la escuela es conocida con el nombre de \u201cAm\u00e9rico D\u2019Angelo Recuero\u201d.<br>En 2004, la escuela se traslada a la calle Ushuaia en el \u201cBarrio Quintanilla\u201d (Distrito Jes\u00fas Nazareno, Guaymall\u00e9n), pr\u00f3ximo al Acceso Este. Inaugurando un nuevo edificio. El cambio de domicilio tuvo un impacto positivo a nivel infraestructura. Sin embargo, el hecho insertase en un contexto urbano marginal se tradujo en un marcado descenso de la matr\u00edcula.<br>Hasta el a\u00f1o 2014 la escuela contaba con un Ciclo Orientado en Comunicaci\u00f3n, Arte y Dise\u00f1o. La Resoluci\u00f3n N\u00b00074\/14 de la DGE dispuso la implementaci\u00f3n gradual del proceso de actualizaci\u00f3n curricular para las escuelas secundarias estatales y privadas, orientadas, t\u00e9cnicas y art\u00edsticas de la provincia de Mendoza. Se inicia la puesta en marcha del Ciclo B\u00e1sico como primer momento de aplicaci\u00f3n a partir de marzo de 2014. En 2015 se presenta la segunda parte del dise\u00f1o curricular del Ciclo Orientado a trav\u00e9s de la implementaci\u00f3n del D.C.P. A trav\u00e9s de la Resoluci\u00f3n N\u00b0 596- DGE-15 determina la nueva estructura curricular.<br>Luego de un debate sostenido, la escuela selecciona el Bachiller en Artes con dos Especialidades: Realizaci\u00f3n Audiovisual y Teatro y Medios. Las especialidades demandan una mayor carga horaria (48 horas c\u00e1tedra para el Ciclo B\u00e1sico y 50 horas para el Ciclo Orientado) que un bachiller orientado, por este motivo los estudiantes cursan una jornada extendida.<\/strong><\/em><\/p>\n\n\n\n<p class=\"has-navy-blue-color has-dark-yellow-background-color has-text-color has-background has-small-font-size\"><em><strong>\u00bfQUI\u00c9N FUE AM\u00c9RICO D&#8217;ANGELO?<\/strong><br><strong>Am\u00e9rico D&#8217;Angelo naci\u00f3 el 25 de septiembre de 1913, en Rivadavia, Provincia de Mendoza. Hijo de Domingo Carlos D&#8217; \u00c1ngelo, farmac\u00e9utico, y Nidia de Recuero.<br>Sus estudios primarios se realizaron en Rivadavia y parte de los estudios secundarios en la escuela Normal de preceptores. En \u00e9sta, obtuvo un subt\u00edtulo de maestro. Egres\u00f3 en 1928. Complet\u00f3 su educaci\u00f3n secundaria con un t\u00edtulo de bachiller nacional en el Colegio Nacional Agust\u00edn \u00c1lvarez en 1933.<br>Se cas\u00f3 con Montserrat Navarro y tuvo tres hijos.<br>Comenz\u00f3 su tarea docente como maestro en una escuela primaria y por distintos concursos que aprob\u00f3 fue ascendiendo en su carrera hasta obtener el cargo de carrera m\u00e1s alta: Inspector T\u00e9cnico General. Cargo que conserv\u00f3 hasta el d\u00eda en que se jubil\u00f3.<br>Trabaj\u00f3 en escuelas de los departamentos de Las Heras, Godoy Cruz y Capital. Aqu\u00ed, y exactamente en la escuela Manuel Quintana fue maestro, a\u00f1os despu\u00e9s vicedirector y luego inspector.<br>Actu\u00f3 en el Congreso de Educaci\u00f3n. Public\u00f3 diversos art\u00edculos sobre la educaci\u00f3n en diarios y revistas. Fue asesor y consultor en 1958 de las C\u00e1maras legislativas que aprobaron el Estatuto del docente. Se puede decir que el Estatuto del Docente marca un hito fundamental entre la lucha docente anterior a 1958 y la que se desarrollar\u00eda en las d\u00e9cadas posteriores entre los vaivenes pol\u00edticos de la Argentina.<br>Fue fundador del sindicato de maestros de Mendoza, actualmente el SUTE. Ya jubilado sigui\u00f3 actuando como gremialista en la asociaci\u00f3n de educadores provinciales jubilados y la presidi\u00f3 por varios a\u00f1os hasta poco antes de su fallecimiento.<br>Fue presidente de la Casa de maestros y consigui\u00f3 con su lucha la Mutual docente. En el plano deportivo form\u00f3 el Consejo Directivo de la gu\u00eda domicilio f\u00fatbol, en la que fund\u00f3 el ateneo de las direcciones inferiores llegando a ser vicepresidente de la misma en ocasi\u00f3n del campeonato mundial en 1978.<br>Falleci\u00f3 el 28 de junio de 1997 producto de un paro cardiaco, ten\u00eda casi 84 a\u00f1os.<br>Tuvo una notable vocaci\u00f3n docente y un gran amor por los ni\u00f1os a los que siempre intent\u00f3 proteger desde todo punto de vista.<br>Un ejemplo de vida y de lucha!<\/strong><\/em><\/p>\n\n\n\n<p><\/p>\n\n\n\n<p><\/p>\n\n\n\n<p><\/p>\n\n\n\n<p><\/p>\n<\/div>\n<\/div>\n","protected":false},"excerpt":{"rendered":"<p>RESE\u00d1A HIST\u00d3RICALa Escuela N\u00b0 4-146 fue creada en el a\u00f1o 1997. Funcionaba en una casa ubicada en el distrito San Jos\u00e9, pr\u00f3xima a la terminal de \u00f3mnibus, y seg\u00fan registros, respondiendo a la demanda de estudiantes repetidores o con sobre <a href=\"https:\/\/americodangelo.edu.ar\/index.php\/nuestro-nombre\/\" class=\"read-more\">Leer m\u00e1s&#8230;<\/a><\/p>\n","protected":false},"author":3,"featured_media":0,"parent":0,"menu_order":0,"comment_status":"closed","ping_status":"closed","template":"","meta":{"footnotes":""},"class_list":["post-833","page","type-page","status-publish","hentry"],"_links":{"self":[{"href":"https:\/\/americodangelo.edu.ar\/index.php\/wp-json\/wp\/v2\/pages\/833"}],"collection":[{"href":"https:\/\/americodangelo.edu.ar\/index.php\/wp-json\/wp\/v2\/pages"}],"about":[{"href":"https:\/\/americodangelo.edu.ar\/index.php\/wp-json\/wp\/v2\/types\/page"}],"author":[{"embeddable":true,"href":"https:\/\/americodangelo.edu.ar\/index.php\/wp-json\/wp\/v2\/users\/3"}],"replies":[{"embeddable":true,"href":"https:\/\/americodangelo.edu.ar\/index.php\/wp-json\/wp\/v2\/comments?post=833"}],"version-history":[{"count":22,"href":"https:\/\/americodangelo.edu.ar\/index.php\/wp-json\/wp\/v2\/pages\/833\/revisions"}],"predecessor-version":[{"id":913,"href":"https:\/\/americodangelo.edu.ar\/index.php\/wp-json\/wp\/v2\/pages\/833\/revisions\/913"}],"wp:attachment":[{"href":"https:\/\/americodangelo.edu.ar\/index.php\/wp-json\/wp\/v2\/media?parent=833"}],"curies":[{"name":"wp","href":"https:\/\/api.w.org\/{rel}","templated":true}]}}