{"id":86,"date":"2022-03-07T11:55:03","date_gmt":"2022-03-07T11:55:03","guid":{"rendered":"https:\/\/americodangelo.edu.ar\/?page_id=86"},"modified":"2022-04-11T13:48:55","modified_gmt":"2022-04-11T13:48:55","slug":"mision","status":"publish","type":"page","link":"https:\/\/americodangelo.edu.ar\/index.php\/mision\/","title":{"rendered":"Misi\u00f3n"},"content":{"rendered":"\n<p class=\"has-text-align-center\">        <mark style=\"background-color:rgba(0, 0, 0, 0)\" class=\"has-inline-color has-navy-blue-color\"> <em><strong>Identificaci<\/strong><\/em><\/mark><em><strong><mark style=\"background-color:rgba(0, 0, 0, 0)\" class=\"has-inline-color has-dark-blue-color\">\u00f3n de valor \u00fanico, misi\u00f3n, visi\u00f3n y objetivos de nuestra instituci\u00f3n<\/mark><\/strong><\/em><\/p>\n\n\n\n<div class=\"wp-block-columns is-layout-flex wp-container-core-columns-is-layout-1 wp-block-columns-is-layout-flex\">\n<div class=\"wp-block-column is-layout-flow wp-block-column-is-layout-flow\" style=\"flex-basis:100%\">\n<figure class=\"wp-block-pullquote has-navy-blue-color has-yellow-background-color has-text-color has-background\"><blockquote><p><strong><em><mark style=\"background-color:rgba(0, 0, 0, 0)\" class=\"has-inline-color has-dark-blue-color\">Somos una escuela secundaria de arte,&nbsp; que dise\u00f1a y ejecuta proyectos art\u00edsticos transdisplinares para (y con)&nbsp; los estudiantes con la finalidad de lograr el m\u00e1ximo desarrollo de sus capacidades.<\/mark><\/em><\/strong><\/p><cite>identificaci\u00f3n de valor \u00fanico<\/cite><\/blockquote><\/figure>\n<\/div>\n<\/div>\n\n\n\n<div class=\"wp-block-columns is-layout-flex wp-container-core-columns-is-layout-3 wp-block-columns-is-layout-flex\">\n<div class=\"wp-block-column is-layout-flow wp-block-column-is-layout-flow\" style=\"flex-basis:100%\">\n<div class=\"wp-block-group\"><div class=\"wp-block-group__inner-container is-layout-flow wp-block-group-is-layout-flow\">\n<div class=\"wp-block-columns is-layout-flex wp-container-core-columns-is-layout-2 wp-block-columns-is-layout-flex\">\n<div class=\"wp-block-column is-layout-flow wp-block-column-is-layout-flow\" style=\"flex-basis:100%\">\n<figure class=\"wp-block-pullquote has-navy-blue-color has-yellow-background-color has-text-color has-background\"><blockquote><p><em><strong><mark style=\"background-color:rgba(0, 0, 0, 0)\" class=\"has-inline-color has-dark-blue-color\">Ser una escuela de calidad, inclusiva y que no deja de aprender en el proceso de ense\u00f1ar<\/mark><\/strong><\/em><\/p><cite>visi\u00f3n<\/cite><\/blockquote><\/figure>\n<\/div>\n<\/div>\n<\/div><\/div>\n<\/div>\n<\/div>\n\n\n\n<div class=\"wp-block-group\"><div class=\"wp-block-group__inner-container is-layout-flow wp-block-group-is-layout-flow\">\n<figure class=\"wp-block-pullquote has-navy-blue-color has-yellow-background-color has-text-color has-background\"><blockquote><p><em><mark style=\"background-color:rgba(0, 0, 0, 0)\" class=\"has-inline-color has-dark-blue-color\"><strong>Ofrecer una formaci\u00f3n integral a nuestros estudiantes, basada en la adquisici\u00f3n de conocimientos relevantes y significativos, en la autonom\u00eda, en la promoci\u00f3n de valores, en la creatividad y&nbsp; en el desarrollo de capacidades, haciendo foco en las expresiones art\u00edsticas para su concreci\u00f3n.<\/strong><\/mark><\/em><\/p><cite>misi\u00f3n<\/cite><\/blockquote><\/figure>\n<\/div><\/div>\n\n\n\n<div class=\"wp-block-columns is-layout-flex wp-container-core-columns-is-layout-6 wp-block-columns-is-layout-flex\">\n<div class=\"wp-block-column is-layout-flow wp-block-column-is-layout-flow\" style=\"flex-basis:100%\">\n<div class=\"wp-block-columns is-layout-flex wp-container-core-columns-is-layout-5 wp-block-columns-is-layout-flex\">\n<div class=\"wp-block-column is-layout-flow wp-block-column-is-layout-flow\" style=\"flex-basis:100%\">\n<div class=\"wp-block-columns is-layout-flex wp-container-core-columns-is-layout-4 wp-block-columns-is-layout-flex\">\n<div class=\"wp-block-column is-layout-flow wp-block-column-is-layout-flow\" style=\"flex-basis:100%\">\n<div class=\"wp-block-group\"><div class=\"wp-block-group__inner-container is-layout-flow wp-block-group-is-layout-flow\">\n<figure class=\"wp-block-pullquote has-navy-blue-color has-yellow-background-color has-text-color has-background\"><blockquote><p><mark style=\"background-color:rgba(0, 0, 0, 0)\" class=\"has-inline-color has-dark-blue-color\"><strong><em>Objetivo General: <\/em><\/strong><\/mark><\/p><p><mark style=\"background-color:rgba(0, 0, 0, 0)\" class=\"has-inline-color has-dark-blue-color\"><strong><em>Mejorar la calidad de los aprendizajes de todos los estudiantes a trav\u00e9s del\u00a0 fortalecimiento de sus trayectorias escolares.<\/em><\/strong><\/mark><\/p><p><mark style=\"background-color:rgba(0, 0, 0, 0)\" class=\"has-inline-color has-dark-blue-color\"><strong><em>Objetivos espec\u00edficos:<\/em><\/strong><\/mark><\/p><p><mark style=\"background-color:rgba(0, 0, 0, 0)\" class=\"has-inline-color has-dark-blue-color\"><strong><em>\u2013 Mejorar la gesti\u00f3n curricular a trav\u00e9s de la inclusi\u00f3n formal en el P.C.A. del enfoque de capacidades y de la organizaci\u00f3n de los aprendizajes en torno a proyectos interdisciplinarios.<\/em><\/strong><\/mark><\/p><p><mark style=\"background-color:rgba(0, 0, 0, 0)\" class=\"has-inline-color has-dark-blue-color\"><em>\u2013\u00a0<strong>Propiciar el trabajo colaborativo entre disciplinas que conforman \u00e1reas de conocimiento y entre \u00e1reas,\u00a0 a trav\u00e9s de proyectos transdisciplinarios en torno a problem\u00e1ticas relevantes relacionadas en los saberes emergentes y que requieran las capacidades seleccionadas para su resoluci\u00f3n.<\/strong><\/em><\/mark><\/p><p><mark style=\"background-color:rgba(0, 0, 0, 0)\" class=\"has-inline-color has-dark-blue-color\"><em>\u2013\u00a0<strong>Revisar y acordar criterios e instrumentos de evaluaci\u00f3n formativa y continua que permitan dar cuenta del desarrollo de capacidades.<\/strong><\/em><\/mark><\/p><p><mark style=\"background-color:rgba(0, 0, 0, 0)\" class=\"has-inline-color has-dark-blue-color\"><em>\u2013\u00a0<strong>Revisar proyectos en marcha y seleccionar aquellos que permitan, adem\u00e1s del desarrollo de capacidades relevantes, nuevos agrupamientos de los alumnos.<\/strong><\/em><\/mark><\/p><cite>objetivos<\/cite><\/blockquote><\/figure>\n<\/div><\/div>\n<\/div>\n<\/div>\n<\/div>\n<\/div>\n<\/div>\n<\/div>\n\n\n\n<p><\/p>\n","protected":false},"excerpt":{"rendered":"<p>Identificaci\u00f3n de valor \u00fanico, misi\u00f3n, visi\u00f3n y objetivos de nuestra instituci\u00f3n Somos una escuela secundaria de arte,&nbsp; que dise\u00f1a y ejecuta proyectos art\u00edsticos transdisplinares para (y con)&nbsp; los estudiantes con la finalidad de lograr el m\u00e1ximo desarrollo de sus capacidades. <a href=\"https:\/\/americodangelo.edu.ar\/index.php\/mision\/\" class=\"read-more\">Leer m\u00e1s&#8230;<\/a><\/p>\n","protected":false},"author":1,"featured_media":0,"parent":0,"menu_order":0,"comment_status":"closed","ping_status":"closed","template":"","meta":{"footnotes":""},"class_list":["post-86","page","type-page","status-publish","hentry"],"_links":{"self":[{"href":"https:\/\/americodangelo.edu.ar\/index.php\/wp-json\/wp\/v2\/pages\/86"}],"collection":[{"href":"https:\/\/americodangelo.edu.ar\/index.php\/wp-json\/wp\/v2\/pages"}],"about":[{"href":"https:\/\/americodangelo.edu.ar\/index.php\/wp-json\/wp\/v2\/types\/page"}],"author":[{"embeddable":true,"href":"https:\/\/americodangelo.edu.ar\/index.php\/wp-json\/wp\/v2\/users\/1"}],"replies":[{"embeddable":true,"href":"https:\/\/americodangelo.edu.ar\/index.php\/wp-json\/wp\/v2\/comments?post=86"}],"version-history":[{"count":32,"href":"https:\/\/americodangelo.edu.ar\/index.php\/wp-json\/wp\/v2\/pages\/86\/revisions"}],"predecessor-version":[{"id":548,"href":"https:\/\/americodangelo.edu.ar\/index.php\/wp-json\/wp\/v2\/pages\/86\/revisions\/548"}],"wp:attachment":[{"href":"https:\/\/americodangelo.edu.ar\/index.php\/wp-json\/wp\/v2\/media?parent=86"}],"curies":[{"name":"wp","href":"https:\/\/api.w.org\/{rel}","templated":true}]}}