{"id":99,"date":"2022-03-07T12:04:21","date_gmt":"2022-03-07T12:04:21","guid":{"rendered":"https:\/\/americodangelo.edu.ar\/?page_id=99"},"modified":"2022-09-30T19:11:24","modified_gmt":"2022-09-30T19:11:24","slug":"modalidades","status":"publish","type":"page","link":"https:\/\/americodangelo.edu.ar\/index.php\/modalidades\/","title":{"rendered":"Modalidades"},"content":{"rendered":"\n<p><strong>BACHILLER EN TEATRO CON ESPECIALIDAD EN TEATRO Y MEDIOS<\/strong><\/p>\n\n\n\n<div class=\"wp-block-group\"><div class=\"wp-block-group__inner-container is-layout-flow wp-block-group-is-layout-flow\">\n<p class=\"has-navy-blue-color has-yellow-background-color has-text-color has-background\"><em><strong>El alumno aprende a:<\/strong><\/em><\/p>\n\n\n\n<ul class=\"has-navy-blue-color has-yellow-background-color has-text-color has-background wp-block-list\"><li><em><strong>Desarrollar sus capacidades expresivas verbales, corporales y gestuales.<\/strong><\/em><\/li><li><em><strong>Optimizar su forma de interacci\u00f3n con otros individuos y con la comunidad, potenciando la inteligencia interpersonal e intrapersonal.<\/strong><\/em><\/li><li><em><strong>Realizar producciones teatrales, espect\u00e1culos y puestas en escena creando y\/o manejando los recursos humanos, t\u00e9cnicos y creativos propios del Teatro.<\/strong><\/em><\/li><li><em><strong>Participar desde diferentes roles en producciones teatrales, televisivas, cinematogr\u00e1ficas, publicitarias, de radio, virtuales, etc. Esta especialidad se estructura a partir del encuentro, interacci\u00f3n y pr\u00e1ctica entre el teatro y los medios audiovisuales. Promueve una formaci\u00f3n b\u00e1sica en la actuaci\u00f3n, para el teatro y los diversos medios audiovisuales, coloca el acento en la exploraci\u00f3n de lo gestual, lo corporal y lo sonoro-visual en relaci\u00f3n a las particularidades de cada estudiante.<\/strong><\/em><\/li><\/ul>\n<\/div><\/div>\n\n\n\n<p class=\"has-navy-blue-color has-text-color\"><strong>BACHILLER EN ARTES AUDIOVISUALES CON ESPECIALIDAD EN REALIZACI\u00d3N AUDIOVISUAL<\/strong><\/p>\n\n\n\n<div class=\"wp-block-group\"><div class=\"wp-block-group__inner-container is-layout-flow wp-block-group-is-layout-flow\">\n<p class=\"has-sky-blue-color has-yellow-background-color has-text-color has-background\"><mark style=\"background-color:rgba(0, 0, 0, 0)\" class=\"has-inline-color has-dark-yellow-color\"><strong><em>El alumno aprende a:<\/em><\/strong><\/mark><\/p>\n\n\n\n<ul class=\"has-navy-blue-color has-yellow-background-color has-text-color has-background wp-block-list\"><li><em><strong>Desarrollar sus capacidades de an\u00e1lisis, trabajo en equipo y creatividad.<\/strong><\/em><\/li><li><em><strong>Dirigir y producir proyectos audiovisuales para cine, televisi\u00f3n, radio, internet y otros medios.<\/strong><\/em><\/li><li><em><strong>Realizar proyectos digitales en diversos formatos: fotograf\u00edas, videoclips, animaciones, entrevistas, documentales, cortometrajes de ficci\u00f3n, entre otros.<\/strong><\/em><\/li><li><em><strong>Participar en producciones audiovisuales cumpliendo diferentes roles: director, camar\u00f3grafo, sonidista, director de arte, etc. Esta especialidad prepara a los estudiantes para analizar cr\u00edticamente los mensajes audiovisuales que circulan en diferentes medios de comunicaci\u00f3n, comprendi\u00e9ndolos en forma contextualizada. Adem\u00e1s les otorga las herramientas para poder ellos mismos realizar, producir y difundir sus propios mensajes y realizaciones art\u00edsticas audiovisuales.<\/strong><\/em><\/li><\/ul>\n<\/div><\/div>\n\n\n\n<p><\/p>\n\n\n\n<p><\/p>\n","protected":false},"excerpt":{"rendered":"<p>BACHILLER EN TEATRO CON ESPECIALIDAD EN TEATRO Y MEDIOS El alumno aprende a: Desarrollar sus capacidades expresivas verbales, corporales y gestuales. Optimizar su forma de interacci\u00f3n con otros individuos y con la comunidad, potenciando la inteligencia interpersonal e intrapersonal. Realizar <a href=\"https:\/\/americodangelo.edu.ar\/index.php\/modalidades\/\" class=\"read-more\">Leer m\u00e1s&#8230;<\/a><\/p>\n","protected":false},"author":1,"featured_media":0,"parent":0,"menu_order":0,"comment_status":"closed","ping_status":"closed","template":"","meta":{"footnotes":""},"class_list":["post-99","page","type-page","status-publish","hentry"],"_links":{"self":[{"href":"https:\/\/americodangelo.edu.ar\/index.php\/wp-json\/wp\/v2\/pages\/99"}],"collection":[{"href":"https:\/\/americodangelo.edu.ar\/index.php\/wp-json\/wp\/v2\/pages"}],"about":[{"href":"https:\/\/americodangelo.edu.ar\/index.php\/wp-json\/wp\/v2\/types\/page"}],"author":[{"embeddable":true,"href":"https:\/\/americodangelo.edu.ar\/index.php\/wp-json\/wp\/v2\/users\/1"}],"replies":[{"embeddable":true,"href":"https:\/\/americodangelo.edu.ar\/index.php\/wp-json\/wp\/v2\/comments?post=99"}],"version-history":[{"count":5,"href":"https:\/\/americodangelo.edu.ar\/index.php\/wp-json\/wp\/v2\/pages\/99\/revisions"}],"predecessor-version":[{"id":1086,"href":"https:\/\/americodangelo.edu.ar\/index.php\/wp-json\/wp\/v2\/pages\/99\/revisions\/1086"}],"wp:attachment":[{"href":"https:\/\/americodangelo.edu.ar\/index.php\/wp-json\/wp\/v2\/media?parent=99"}],"curies":[{"name":"wp","href":"https:\/\/api.w.org\/{rel}","templated":true}]}}